{"id":1736,"date":"2023-03-07T11:01:04","date_gmt":"2023-03-07T11:01:04","guid":{"rendered":"http:\/\/snackersantiques.com\/?page_id=1736"},"modified":"2026-02-06T12:26:34","modified_gmt":"2026-02-06T12:26:34","slug":"privacy-statement","status":"publish","type":"page","link":"https:\/\/snackersantiques.com\/de\/privacy-statement\/","title":{"rendered":"Datenschutzerkl\u00e4rung"},"content":{"rendered":"<div data-elementor-type=\"wp-page\" data-elementor-id=\"1736\" class=\"elementor elementor-1736\" data-elementor-post-type=\"page\">\n\t\t\t\t\t\t<section data-dce-background-overlay-color=\"#1b1f29\" class=\"elementor-section elementor-top-section elementor-element elementor-element-5d9bb80 elementor-section-boxed elementor-section-height-default elementor-section-height-default\" data-id=\"5d9bb80\" data-element_type=\"section\" data-settings=\"{&quot;background_background&quot;:&quot;slideshow&quot;,&quot;background_slideshow_gallery&quot;:[{&quot;id&quot;:1004,&quot;url&quot;:&quot;http:\\\/\\\/snackersantiques.com\\\/wp-content\\\/uploads\\\/2023\\\/02\\\/833FDAEA-026D-4A5B-B9F3-BEFF2CE41174-scaled.jpg&quot;}],&quot;background_slideshow_ken_burns&quot;:&quot;yes&quot;,&quot;background_slideshow_loop&quot;:&quot;yes&quot;,&quot;background_slideshow_slide_duration&quot;:5000,&quot;background_slideshow_slide_transition&quot;:&quot;fade&quot;,&quot;background_slideshow_transition_duration&quot;:500,&quot;background_slideshow_ken_burns_zoom_direction&quot;:&quot;in&quot;}\">\n\t\t\t\t\t\t\t<div class=\"elementor-background-overlay\"><\/div>\n\t\t\t\t\t\t\t<div class=\"elementor-container elementor-column-gap-no\">\n\t\t\t\t\t<div class=\"elementor-column elementor-col-100 elementor-top-column elementor-element elementor-element-bc8140c\" data-id=\"bc8140c\" data-element_type=\"column\">\n\t\t\t<div class=\"elementor-widget-wrap elementor-element-populated\">\n\t\t\t\t\t\t<div class=\"elementor-element elementor-element-174c92e elementor-widget elementor-widget-heading\" data-id=\"174c92e\" data-element_type=\"widget\" data-widget_type=\"heading.default\">\n\t\t\t\t<div class=\"elementor-widget-container\">\n\t\t\t\t\t<h1 class=\"elementor-heading-title elementor-size-default\">Datenschutzerkl\u00e4rung<\/h1>\t\t\t\t<\/div>\n\t\t\t\t<\/div>\n\t\t\t\t\t<\/div>\n\t\t<\/div>\n\t\t\t\t\t<\/div>\n\t\t<\/section>\n\t\t\t\t<section data-dce-background-color=\"#FFFFFF\" class=\"elementor-section elementor-top-section elementor-element elementor-element-34a397e elementor-section-boxed elementor-section-height-default elementor-section-height-default\" data-id=\"34a397e\" data-element_type=\"section\" data-settings=\"{&quot;background_background&quot;:&quot;classic&quot;}\">\n\t\t\t\t\t\t\t<div class=\"elementor-background-overlay\"><\/div>\n\t\t\t\t\t\t\t<div class=\"elementor-container elementor-column-gap-no\">\n\t\t\t\t\t<div class=\"elementor-column elementor-col-100 elementor-top-column elementor-element elementor-element-dca0ce2\" data-id=\"dca0ce2\" data-element_type=\"column\">\n\t\t\t<div class=\"elementor-widget-wrap elementor-element-populated\">\n\t\t\t\t\t\t<div class=\"elementor-element elementor-element-7d23d1c elementor-widget elementor-widget-text-editor\" data-id=\"7d23d1c\" data-element_type=\"widget\" data-widget_type=\"text-editor.default\">\n\t\t\t\t<div class=\"elementor-widget-container\">\n\t\t\t\t\t\t\t\t\t<p>Snackers Antiques &amp; Fine Art, ist verantwortlich f\u00fcr die Verarbeitung personenbezogener Daten wie in dieser Datenschutzerkl\u00e4rung.<\/p><h3>Kontakt<\/h3><p class=\"p1\">Snackers Antiques &amp; Fine Art V. O. F.<br \/><span style=\"font-style: inherit; font-weight: inherit; color: var(--ast-global-color-3);\">Sint Pieterstraat 19<br \/><\/span><span style=\"font-style: inherit; font-weight: inherit; color: var(--ast-global-color-3);\">6211 JM Maastricht<\/span><\/p><p><a class=\"ms-outlook-linkify\" href=\"http:\/\/www.snackersantiques.com\">www.snackersantiques.com<\/a><br \/><span id=\"cloak9e947ff38d5b8ff3812d8acaad3fbf4b\"><a title=\"mailto:shop@snackersantiek.nl\" href=\"mailto:info@snackersantiques.com\">info@snackersantiques.com<\/a><\/span><br \/>Telefonnummer :\u00a0<a title=\"Telefon:+31681925106\" href=\"Telefon:+31681925106\">+31 (0)6 &#8211; 81 92 51 06<br \/><\/a>Handelskammer-Nummer : 87335719<br \/>Btw-identificatienummer : NL864268373B01<\/p><h3>Pers\u00f6nliche Daten, die wir verarbeiten<\/h3><p>Snackers Antiques &amp; Fine Art verarbeitet Ihre personenbezogenen Daten, weil Sie unsere Dienste nutzen und\/oder weil Sie diese Daten uns selbst. Nachfolgend finden Sie eine \u00fcbersicht der personenbezogenen Daten, die wir verarbeiten:<\/p><ul><li>Ersten und letzten Namen<\/li><li>Adresse information<\/li><li>Telefonnummer<\/li><li>E-mail-Adresse<\/li><li>Bank Konto-Nummer<\/li><\/ul><h3>Spezielle und \/ oder sensible pers\u00f6nliche Daten, die wir verarbeiten<\/h3><p>Unsere website und \/ oder Dienst hat nicht die Absicht, Daten \u00fcber website-Besucher unter 16 Jahren, es sei denn, Sie haben die Erlaubnis von Eltern oder Erziehungsberechtigten. Wir k\u00f6nnen jedoch nicht \u00fcberpr\u00fcfen, ob ein Besucher \u00fcber 16. Wir empfehlen daher, dass Eltern in die online-Aktivit\u00e4ten Ihrer Kinder, um zu verhindern, dass Daten \u00fcber Kinder gesammelt werden, ohne elterliche Zustimmung. Wenn Sie \u00fcberzeugt sind, dass wir personenbezogene Daten \u00fcber einen minderj\u00e4hrigen ohne diese Zustimmung, Kontaktieren Sie uns bitte \u00fcber info<span id=\"cloaka55f13a7761288b59e080edcf5e9dfbc\"><a title=\"mailto:shop@snackersantiek.nl\" href=\"mailto:shop@snackersantiek.nl\">@snackersantiques.<\/a>com<\/span>, dann l\u00f6schen wir diese Informationen.<\/p><h3>F\u00fcr welche Zwecke und auf welcher Grundlage wir personenbezogene Daten verarbeiten<\/h3><p>Snackers Antiques &amp; Fine Art verarbeitet Ihre personenbezogenen Daten f\u00fcr folgende Zwecke:<\/p><ul><li>Abwicklung Ihrer Bestellung oder Reservierung<\/li><li>Abwicklung Ihrer Zahlung<\/li><li>Die M\u00f6glichkeit, einen Anruf oder eine e-mail an Sie, wenn es erforderlich ist, um Durchf\u00fchrung unserer Dienstleistungen<\/li><li>Zu liefern waren zu Ihnen<\/li><li>Wenn wir gesetzlich verpflichtet sind, dies zu tun, wie die Informationen, die wir f\u00fcr unsere Steuererkl\u00e4rung.<\/li><\/ul><h3>Wie lange bewahren wir personenbezogene Daten und mit wem teilen wir es<\/h3><p>Nach dem Kauf, wir m\u00fcssen halten die Transaktion Daten f\u00fcr 7 Jahre aus steuerlicher Sicht. Wir speichern personenbezogene Daten und Daten \u00fcber Ihren Kauf f\u00fcr 2 Jahre, um in der Lage sein zu handhaben, Fragen oder Beschwerden. Teilen wir Namen und Anschrift, e-mail-Adresse und Telefonnummer mit dem transport services, wenn ein Produkt Bed\u00fcrfnisse zu werden nach Hause geliefert. Sie k\u00f6nnen nur verwenden Sie Ihre Daten zur Durchf\u00fchrung der entsprechenden Dienstleistungen.<\/p><h3>Weitergabe personenbezogener Daten an Dritte<\/h3><p>Snackers Antiques &amp; Fine Art verkauft Ihre Informationen nicht an Dritte weiter und werden nur bieten, wenn dies erforderlich ist f\u00fcr die Ausf\u00fchrung unserer Vereinbarung mit Ihnen oder zur Einhaltung einer gesetzlichen Verpflichtung.<\/p><h3>Anzeigen, \u00e4ndern oder l\u00f6schen von Daten<\/h3><p>Sie haben das Recht zu \u00e4ndern oder Ihre pers\u00f6nlichen Daten gel\u00f6scht. Sie k\u00f6nnen uns jederzeit Kontaktieren, f\u00fcr, dass. In einigen F\u00e4llen jedoch, wir sind verpflichtet, Ihre Daten f\u00fcr einen Zeitraum von Zeit.<\/p><h3>Wie sch\u00fctzen wir personenbezogene Daten<\/h3><p>Snackers Antiques &amp; Fine Art nimmt den Schutz Ihrer Daten ernst und ergreift geeignete Ma\u00dfnahmen, um Missbrauch, Verlust, unbefugtem Zugang, unerw\u00fcnschter Offenlegung und Unbefugter \u00e4nderung. Wenn Sie das Gef\u00fchl haben, dass Ihre Daten nicht ordnungsgem\u00e4\u00df gesichert sind oder Anzeichen von Missbrauch, Kontaktieren Sie uns bitte per <span id=\"cloak9e947ff38d5b8ff3812d8acaad3fbf4b\"><a title=\"mailto:shop@snackersantiek.nl\" href=\"mailto:info@snackersantiques.com\">info@snackersantiques.com<\/a><\/span><\/p><p><em><span style=\"text-decoration: underline;\"><strong>Druk, zet en typefouten op onze website zijn voorbehouden.<\/strong><\/span><\/em><\/p>\t\t\t\t\t\t\t\t<\/div>\n\t\t\t\t<\/div>\n\t\t\t\t\t<\/div>\n\t\t<\/div>\n\t\t\t\t\t<\/div>\n\t\t<\/section>\n\t\t\t\t<section data-dce-background-color=\"#E5E1DA\" class=\"elementor-section elementor-top-section elementor-element elementor-element-5d62010 elementor-section-boxed elementor-section-height-default elementor-section-height-default\" data-id=\"5d62010\" data-element_type=\"section\" data-settings=\"{&quot;background_background&quot;:&quot;classic&quot;}\">\n\t\t\t\t\t\t<div class=\"elementor-container elementor-column-gap-no\">\n\t\t\t\t\t<div class=\"elementor-column elementor-col-100 elementor-top-column elementor-element elementor-element-3e0b6ed\" data-id=\"3e0b6ed\" data-element_type=\"column\">\n\t\t\t<div class=\"elementor-widget-wrap elementor-element-populated\">\n\t\t\t\t\t\t<div class=\"elementor-element elementor-element-2862a38 elementor-widget elementor-widget-heading\" data-id=\"2862a38\" data-element_type=\"widget\" data-widget_type=\"heading.default\">\n\t\t\t\t<div class=\"elementor-widget-container\">\n\t\t\t\t\t<h6 class=\"elementor-heading-title elementor-size-default\">Folgen Sie uns auf<\/h6>\t\t\t\t<\/div>\n\t\t\t\t<\/div>\n\t\t\t\t<section class=\"elementor-section elementor-inner-section elementor-element elementor-element-16fbe8b elementor-section-boxed elementor-section-height-default elementor-section-height-default\" data-id=\"16fbe8b\" data-element_type=\"section\" data-settings=\"{&quot;background_background&quot;:&quot;classic&quot;}\">\n\t\t\t\t\t\t<div class=\"elementor-container elementor-column-gap-no\">\n\t\t\t\t\t<div data-dce-background-color=\"#E5E1DA\" class=\"elementor-column elementor-col-50 elementor-inner-column elementor-element elementor-element-e93472f\" data-id=\"e93472f\" data-element_type=\"column\" data-settings=\"{&quot;background_background&quot;:&quot;classic&quot;}\">\n\t\t\t<div class=\"elementor-widget-wrap elementor-element-populated\">\n\t\t\t\t\t\t<div class=\"elementor-element elementor-element-0c2427e dce_masking-none elementor-widget elementor-widget-image\" data-id=\"0c2427e\" data-element_type=\"widget\" data-widget_type=\"image.default\">\n\t\t\t\t<div class=\"elementor-widget-container\">\n\t\t\t\t\t\t\t\t\t\t\t\t\t\t\t\t<a href=\"https:\/\/www.facebook.com\/snackersantiques\">\n\t\t\t\t\t\t\t<img decoding=\"async\" width=\"62\" height=\"12\" src=\"https:\/\/snackersantiques.com\/wp-content\/uploads\/2023\/03\/Facebook_Logo.svg\" class=\"attachment-full size-full wp-image-1217\" alt=\"\" \/>\t\t\t\t\t\t\t\t<\/a>\n\t\t\t\t\t\t\t\t\t\t\t\t\t\t\t<\/div>\n\t\t\t\t<\/div>\n\t\t\t\t\t<\/div>\n\t\t<\/div>\n\t\t\t\t<div data-dce-background-color=\"#E5E1DA\" class=\"elementor-column elementor-col-50 elementor-inner-column elementor-element elementor-element-6035990\" data-id=\"6035990\" data-element_type=\"column\" data-settings=\"{&quot;background_background&quot;:&quot;classic&quot;}\">\n\t\t\t<div class=\"elementor-widget-wrap elementor-element-populated\">\n\t\t\t\t\t\t<div class=\"elementor-element elementor-element-5bfb386 dce_masking-none elementor-widget elementor-widget-image\" data-id=\"5bfb386\" data-element_type=\"widget\" data-widget_type=\"image.default\">\n\t\t\t\t<div class=\"elementor-widget-container\">\n\t\t\t\t\t\t\t\t\t\t\t\t\t\t\t\t<a href=\"https:\/\/www.instagram.com\/snackersantiques\/\">\n\t\t\t\t\t\t\t<img fetchpriority=\"high\" decoding=\"async\" width=\"640\" height=\"229\" src=\"https:\/\/snackersantiques.com\/wp-content\/uploads\/2023\/03\/Instagram_logo.svg.png\" class=\"attachment-full size-full wp-image-1218\" alt=\"\" srcset=\"https:\/\/snackersantiques.com\/wp-content\/uploads\/2023\/03\/Instagram_logo.svg.png 640w, https:\/\/snackersantiques.com\/wp-content\/uploads\/2023\/03\/Instagram_logo.svg-300x107.png 300w\" sizes=\"(max-width: 640px) 100vw, 640px\" \/>\t\t\t\t\t\t\t\t<\/a>\n\t\t\t\t\t\t\t\t\t\t\t\t\t\t\t<\/div>\n\t\t\t\t<\/div>\n\t\t\t\t\t<\/div>\n\t\t<\/div>\n\t\t\t\t\t<\/div>\n\t\t<\/section>\n\t\t\t\t\t<\/div>\n\t\t<\/div>\n\t\t\t\t\t<\/div>\n\t\t<\/section>\n\t\t\t\t<\/div>","protected":false},"excerpt":{"rendered":"<p>Privacy statement Snackers Antiques &amp; Fine Art, is verantwoordelijk voor de verwerking van persoonsgegevens zoals weergegeven in deze privacyverklaring. Contactgegevens Snackers Antiques &amp; Fine Art V.O.F.Sint Pieterstraat 196211 JM Maastricht www.snackersantiques.cominfo@snackersantiques.comTelefoonnummer :\u00a0+31 (0)6 &#8211; 81 92 51 06KvK nummer : 87335719Btw-identificatienummer : NL864268373B01 Persoonsgegevens die wij verwerken Snackers Antiques &amp; Fine Art verwerkt je persoonsgegevens [&hellip;]<\/p>","protected":false},"author":1,"featured_media":0,"parent":0,"menu_order":0,"comment_status":"closed","ping_status":"closed","template":"","meta":{"_acf_changed":false,"site-sidebar-layout":"no-sidebar","site-content-layout":"page-builder","ast-site-content-layout":"default","site-content-style":"default","site-sidebar-style":"default","ast-global-header-display":"","ast-banner-title-visibility":"","ast-main-header-display":"","ast-hfb-above-header-display":"","ast-hfb-below-header-display":"","ast-hfb-mobile-header-display":"","site-post-title":"disabled","ast-breadcrumbs-content":"","ast-featured-img":"disabled","footer-sml-layout":"","ast-disable-related-posts":"","theme-transparent-header-meta":"enabled","adv-header-id-meta":"","stick-header-meta":"","header-above-stick-meta":"","header-main-stick-meta":"","header-below-stick-meta":"","astra-migrate-meta-layouts":"default","ast-page-background-enabled":"default","ast-page-background-meta":{"desktop":{"background-color":"","background-image":"","background-repeat":"repeat","background-position":"center center","background-size":"auto","background-attachment":"scroll","background-type":"","background-media":"","overlay-type":"","overlay-color":"","overlay-opacity":"","overlay-gradient":""},"tablet":{"background-color":"","background-image":"","background-repeat":"repeat","background-position":"center center","background-size":"auto","background-attachment":"scroll","background-type":"","background-media":"","overlay-type":"","overlay-color":"","overlay-opacity":"","overlay-gradient":""},"mobile":{"background-color":"","background-image":"","background-repeat":"repeat","background-position":"center center","background-size":"auto","background-attachment":"scroll","background-type":"","background-media":"","overlay-type":"","overlay-color":"","overlay-opacity":"","overlay-gradient":""}},"ast-content-background-meta":{"desktop":{"background-color":"var(--ast-global-color-5)","background-image":"","background-repeat":"repeat","background-position":"center center","background-size":"auto","background-attachment":"scroll","background-type":"","background-media":"","overlay-type":"","overlay-color":"","overlay-opacity":"","overlay-gradient":""},"tablet":{"background-color":"var(--ast-global-color-5)","background-image":"","background-repeat":"repeat","background-position":"center center","background-size":"auto","background-attachment":"scroll","background-type":"","background-media":"","overlay-type":"","overlay-color":"","overlay-opacity":"","overlay-gradient":""},"mobile":{"background-color":"var(--ast-global-color-5)","background-image":"","background-repeat":"repeat","background-position":"center center","background-size":"auto","background-attachment":"scroll","background-type":"","background-media":"","overlay-type":"","overlay-color":"","overlay-opacity":"","overlay-gradient":""}},"footnotes":""},"class_list":["post-1736","page","type-page","status-publish","hentry"],"acf":[],"yoast_head":"<!-- This site is optimized with the Yoast SEO plugin v24.7 - https:\/\/yoast.com\/wordpress\/plugins\/seo\/ -->\n<title>Privacy statement - Snackers<\/title>\n<meta name=\"robots\" content=\"index, follow, max-snippet:-1, max-image-preview:large, max-video-preview:-1\" \/>\n<link rel=\"canonical\" href=\"https:\/\/snackersantiques.com\/de\/privacy-statement\/\" \/>\n<meta property=\"og:locale\" content=\"de_DE\" \/>\n<meta property=\"og:type\" content=\"article\" \/>\n<meta property=\"og:title\" content=\"Privacy statement - Snackers\" \/>\n<meta property=\"og:description\" content=\"Privacy statement Snackers Antiques &amp; Fine Art, is verantwoordelijk voor de verwerking van persoonsgegevens zoals weergegeven in deze privacyverklaring. Contactgegevens Snackers Antiques &amp; Fine Art V.O.F.Sint Pieterstraat 196211 JM Maastricht www.snackersantiques.cominfo@snackersantiques.comTelefoonnummer :\u00a0+31 (0)6 &#8211; 81 92 51 06KvK nummer : 87335719Btw-identificatienummer : NL864268373B01 Persoonsgegevens die wij verwerken Snackers Antiques &amp; Fine Art verwerkt je persoonsgegevens [&hellip;]\" \/>\n<meta property=\"og:url\" content=\"https:\/\/snackersantiques.com\/de\/privacy-statement\/\" \/>\n<meta property=\"og:site_name\" content=\"Snackers\" \/>\n<meta property=\"article:modified_time\" content=\"2026-02-06T12:26:34+00:00\" \/>\n<meta name=\"twitter:card\" content=\"summary_large_image\" \/>\n<meta name=\"twitter:label1\" content=\"Gesch\u00e4tzte Lesezeit\" \/>\n\t<meta name=\"twitter:data1\" content=\"3\u00a0Minuten\" \/>\n<script type=\"application\/ld+json\" class=\"yoast-schema-graph\">{\"@context\":\"https:\/\/schema.org\",\"@graph\":[{\"@type\":\"WebPage\",\"@id\":\"https:\/\/snackersantiques.com\/privacy-statement\/\",\"url\":\"https:\/\/snackersantiques.com\/privacy-statement\/\",\"name\":\"Privacy statement - Snackers\",\"isPartOf\":{\"@id\":\"https:\/\/snackersantiques.com\/#website\"},\"primaryImageOfPage\":{\"@id\":\"https:\/\/snackersantiques.com\/privacy-statement\/#primaryimage\"},\"image\":{\"@id\":\"https:\/\/snackersantiques.com\/privacy-statement\/#primaryimage\"},\"thumbnailUrl\":\"http:\/\/snackersantiques.com\/wp-content\/uploads\/2023\/03\/Facebook_Logo.svg\",\"datePublished\":\"2023-03-07T11:01:04+00:00\",\"dateModified\":\"2026-02-06T12:26:34+00:00\",\"breadcrumb\":{\"@id\":\"https:\/\/snackersantiques.com\/privacy-statement\/#breadcrumb\"},\"inLanguage\":\"de\",\"potentialAction\":[{\"@type\":\"ReadAction\",\"target\":[\"https:\/\/snackersantiques.com\/privacy-statement\/\"]}]},{\"@type\":\"ImageObject\",\"inLanguage\":\"de\",\"@id\":\"https:\/\/snackersantiques.com\/privacy-statement\/#primaryimage\",\"url\":\"http:\/\/snackersantiques.com\/wp-content\/uploads\/2023\/03\/Facebook_Logo.svg\",\"contentUrl\":\"http:\/\/snackersantiques.com\/wp-content\/uploads\/2023\/03\/Facebook_Logo.svg\"},{\"@type\":\"BreadcrumbList\",\"@id\":\"https:\/\/snackersantiques.com\/privacy-statement\/#breadcrumb\",\"itemListElement\":[{\"@type\":\"ListItem\",\"position\":1,\"name\":\"Home\",\"item\":\"https:\/\/snackersantiques.com\/\"},{\"@type\":\"ListItem\",\"position\":2,\"name\":\"Privacy statement\"}]},{\"@type\":\"WebSite\",\"@id\":\"https:\/\/snackersantiques.com\/#website\",\"url\":\"https:\/\/snackersantiques.com\/\",\"name\":\"Snackers\",\"description\":\"Antiques &amp; Fine Art\",\"publisher\":{\"@id\":\"https:\/\/snackersantiques.com\/#organization\"},\"potentialAction\":[{\"@type\":\"SearchAction\",\"target\":{\"@type\":\"EntryPoint\",\"urlTemplate\":\"https:\/\/snackersantiques.com\/?s={search_term_string}\"},\"query-input\":{\"@type\":\"PropertyValueSpecification\",\"valueRequired\":true,\"valueName\":\"search_term_string\"}}],\"inLanguage\":\"de\"},{\"@type\":\"Organization\",\"@id\":\"https:\/\/snackersantiques.com\/#organization\",\"name\":\"Snackers\",\"url\":\"https:\/\/snackersantiques.com\/\",\"logo\":{\"@type\":\"ImageObject\",\"inLanguage\":\"de\",\"@id\":\"https:\/\/snackersantiques.com\/#\/schema\/logo\/image\/\",\"url\":\"https:\/\/snackersantiques.com\/wp-content\/uploads\/2023\/03\/Snackers_logo_liggend_wit.svg\",\"contentUrl\":\"https:\/\/snackersantiques.com\/wp-content\/uploads\/2023\/03\/Snackers_logo_liggend_wit.svg\",\"width\":448,\"height\":165,\"caption\":\"Snackers\"},\"image\":{\"@id\":\"https:\/\/snackersantiques.com\/#\/schema\/logo\/image\/\"}}]}<\/script>\n<!-- \/ Yoast SEO plugin. -->","yoast_head_json":{"title":"Privacy statement - Snackers","robots":{"index":"index","follow":"follow","max-snippet":"max-snippet:-1","max-image-preview":"max-image-preview:large","max-video-preview":"max-video-preview:-1"},"canonical":"https:\/\/snackersantiques.com\/de\/privacy-statement\/","og_locale":"de_DE","og_type":"article","og_title":"Privacy statement - Snackers","og_description":"Privacy statement Snackers Antiques &amp; Fine Art, is verantwoordelijk voor de verwerking van persoonsgegevens zoals weergegeven in deze privacyverklaring. Contactgegevens Snackers Antiques &amp; Fine Art V.O.F.Sint Pieterstraat 196211 JM Maastricht www.snackersantiques.cominfo@snackersantiques.comTelefoonnummer :\u00a0+31 (0)6 &#8211; 81 92 51 06KvK nummer : 87335719Btw-identificatienummer : NL864268373B01 Persoonsgegevens die wij verwerken Snackers Antiques &amp; Fine Art verwerkt je persoonsgegevens [&hellip;]","og_url":"https:\/\/snackersantiques.com\/de\/privacy-statement\/","og_site_name":"Snackers","article_modified_time":"2026-02-06T12:26:34+00:00","twitter_card":"summary_large_image","twitter_misc":{"Gesch\u00e4tzte Lesezeit":"3\u00a0Minuten"},"schema":{"@context":"https:\/\/schema.org","@graph":[{"@type":"WebPage","@id":"https:\/\/snackersantiques.com\/privacy-statement\/","url":"https:\/\/snackersantiques.com\/privacy-statement\/","name":"Privacy statement - Snackers","isPartOf":{"@id":"https:\/\/snackersantiques.com\/#website"},"primaryImageOfPage":{"@id":"https:\/\/snackersantiques.com\/privacy-statement\/#primaryimage"},"image":{"@id":"https:\/\/snackersantiques.com\/privacy-statement\/#primaryimage"},"thumbnailUrl":"http:\/\/snackersantiques.com\/wp-content\/uploads\/2023\/03\/Facebook_Logo.svg","datePublished":"2023-03-07T11:01:04+00:00","dateModified":"2026-02-06T12:26:34+00:00","breadcrumb":{"@id":"https:\/\/snackersantiques.com\/privacy-statement\/#breadcrumb"},"inLanguage":"de","potentialAction":[{"@type":"ReadAction","target":["https:\/\/snackersantiques.com\/privacy-statement\/"]}]},{"@type":"ImageObject","inLanguage":"de","@id":"https:\/\/snackersantiques.com\/privacy-statement\/#primaryimage","url":"http:\/\/snackersantiques.com\/wp-content\/uploads\/2023\/03\/Facebook_Logo.svg","contentUrl":"http:\/\/snackersantiques.com\/wp-content\/uploads\/2023\/03\/Facebook_Logo.svg"},{"@type":"BreadcrumbList","@id":"https:\/\/snackersantiques.com\/privacy-statement\/#breadcrumb","itemListElement":[{"@type":"ListItem","position":1,"name":"Home","item":"https:\/\/snackersantiques.com\/"},{"@type":"ListItem","position":2,"name":"Privacy statement"}]},{"@type":"WebSite","@id":"https:\/\/snackersantiques.com\/#website","url":"https:\/\/snackersantiques.com\/","name":"Snackers","description":"Antiques &amp; Fine Art","publisher":{"@id":"https:\/\/snackersantiques.com\/#organization"},"potentialAction":[{"@type":"SearchAction","target":{"@type":"EntryPoint","urlTemplate":"https:\/\/snackersantiques.com\/?s={search_term_string}"},"query-input":{"@type":"PropertyValueSpecification","valueRequired":true,"valueName":"search_term_string"}}],"inLanguage":"de"},{"@type":"Organization","@id":"https:\/\/snackersantiques.com\/#organization","name":"Snackers","url":"https:\/\/snackersantiques.com\/","logo":{"@type":"ImageObject","inLanguage":"de","@id":"https:\/\/snackersantiques.com\/#\/schema\/logo\/image\/","url":"https:\/\/snackersantiques.com\/wp-content\/uploads\/2023\/03\/Snackers_logo_liggend_wit.svg","contentUrl":"https:\/\/snackersantiques.com\/wp-content\/uploads\/2023\/03\/Snackers_logo_liggend_wit.svg","width":448,"height":165,"caption":"Snackers"},"image":{"@id":"https:\/\/snackersantiques.com\/#\/schema\/logo\/image\/"}}]}},"_links":{"self":[{"href":"https:\/\/snackersantiques.com\/de\/wp-json\/wp\/v2\/pages\/1736","targetHints":{"allow":["GET"]}}],"collection":[{"href":"https:\/\/snackersantiques.com\/de\/wp-json\/wp\/v2\/pages"}],"about":[{"href":"https:\/\/snackersantiques.com\/de\/wp-json\/wp\/v2\/types\/page"}],"author":[{"embeddable":true,"href":"https:\/\/snackersantiques.com\/de\/wp-json\/wp\/v2\/users\/1"}],"replies":[{"embeddable":true,"href":"https:\/\/snackersantiques.com\/de\/wp-json\/wp\/v2\/comments?post=1736"}],"version-history":[{"count":28,"href":"https:\/\/snackersantiques.com\/de\/wp-json\/wp\/v2\/pages\/1736\/revisions"}],"predecessor-version":[{"id":16850,"href":"https:\/\/snackersantiques.com\/de\/wp-json\/wp\/v2\/pages\/1736\/revisions\/16850"}],"wp:attachment":[{"href":"https:\/\/snackersantiques.com\/de\/wp-json\/wp\/v2\/media?parent=1736"}],"curies":[{"name":"wp","href":"https:\/\/api.w.org\/{rel}","templated":true}]}}